{"id":11,"date":"2016-08-31T12:17:28","date_gmt":"2016-08-31T12:17:28","guid":{"rendered":"https:\/\/www.tauber.com.pl\/?page_id=11&#038;lang=en"},"modified":"2022-04-29T11:08:21","modified_gmt":"2022-04-29T11:08:21","slug":"kontakt","status":"publish","type":"page","link":"https:\/\/www.tauber.com.pl\/en\/kontakt\/","title":{"rendered":"Contact"},"content":{"rendered":"\n<div class=\"wp-block-group\"><div class=\"wp-block-group__inner-container is-layout-flow wp-block-group-is-layout-flow\">\n<h2 class=\"wp-block-heading\">Tauber Sp. z o.o.<\/h2>\n\n\n\n<div class=\"wp-block-columns is-layout-flex wp-container-core-columns-is-layout-9d6595d7 wp-block-columns-is-layout-flex\">\n<div class=\"wp-block-column is-layout-flow wp-block-column-is-layout-flow\">\n<p>01-682 Warszawa<\/p>\n\n\n\n<p>ul. Gombrowicza 15<\/p>\n\n\n\n<p><\/p>\n\n\n\n<p><\/p>\n\n\n\n<p><\/p>\n<\/div>\n\n\n\n<div class=\"wp-block-column is-layout-flow wp-block-column-is-layout-flow\">\n<p>NIP: 118 -173-73-01<\/p>\n\n\n\n<p>REGON 015748959<\/p>\n\n\n\n<p>KRS 0000210316<\/p>\n<\/div>\n<\/div>\n\n\n\n<div class=\"wp-block-columns is-layout-flex wp-container-core-columns-is-layout-9d6595d7 wp-block-columns-is-layout-flex\">\n<div class=\"wp-block-column is-layout-flow wp-block-column-is-layout-flow\">\n<h3 class=\"wp-block-heading\"><strong>Joanna Tauber<\/strong><\/h3>\n\n\n\n<p><span data-phone=\"mob: +48 602 333 093\" data-href=\"tel:+48602333093\" class=\"hidden-phone\"><a href=\"tel:+48602333093\">Poka\u017c numer<\/a><\/span><\/p>\n\n\n\n<p>email: <a href=\"mailto:joanna@tauber.com.pl\">joanna@tauber.com.pl<\/a><\/p>\n<\/div>\n<\/div>\n\n\n\n<p>S\u0105d Rejonowy dla m.st. W-wy, XX Wydzia\u0142 Gospodarczy<br>KRS 0000210316 Kapita\u0142 zak\u0142adowy: 50 000 PLN&nbsp;<\/p>\n\n\n\n<p><a target=\"_blank\" href=\"https:\/\/www.tauber.com.pl\/en\/privacy-policy\/\" rel=\"noreferrer noopener\">Privacy policy<\/a><\/p>\n<\/div><\/div>\n","protected":false},"excerpt":{"rendered":"","protected":false},"author":1,"featured_media":0,"parent":0,"menu_order":0,"comment_status":"closed","ping_status":"closed","template":"template-parts\/page-contact-new.php","meta":{"_acf_changed":false,"_uag_custom_page_level_css":"","footnotes":""},"class_list":["post-11","page","type-page","status-publish","hentry"],"acf":[],"yoast_head":"<!-- This site is optimized with the Yoast SEO plugin v27.0 - https:\/\/yoast.com\/product\/yoast-seo-wordpress\/ -->\n<title>Contact - Tauber Promotion<\/title>\n<meta name=\"robots\" content=\"index, follow, max-snippet:-1, max-image-preview:large, max-video-preview:-1\" \/>\n<link rel=\"canonical\" href=\"https:\/\/www.tauber.com.pl\/en\/kontakt\/\" \/>\n<meta property=\"og:locale\" content=\"en_US\" \/>\n<meta property=\"og:type\" content=\"article\" \/>\n<meta property=\"og:title\" content=\"Contact - Tauber Promotion\" \/>\n<meta property=\"og:url\" content=\"https:\/\/www.tauber.com.pl\/en\/kontakt\/\" \/>\n<meta property=\"og:site_name\" content=\"Tauber Promotion\" \/>\n<meta property=\"article:modified_time\" content=\"2022-04-29T11:08:21+00:00\" \/>\n<meta name=\"twitter:card\" content=\"summary_large_image\" \/>\n<script type=\"application\/ld+json\" class=\"yoast-schema-graph\">{\"@context\":\"https:\/\/schema.org\",\"@graph\":[{\"@type\":\"WebPage\",\"@id\":\"https:\/\/www.tauber.com.pl\/en\/kontakt\/\",\"url\":\"https:\/\/www.tauber.com.pl\/en\/kontakt\/\",\"name\":\"Contact - Tauber Promotion\",\"isPartOf\":{\"@id\":\"https:\/\/www.tauber.com.pl\/en\/#website\"},\"datePublished\":\"2016-08-31T12:17:28+00:00\",\"dateModified\":\"2022-04-29T11:08:21+00:00\",\"breadcrumb\":{\"@id\":\"https:\/\/www.tauber.com.pl\/en\/kontakt\/#breadcrumb\"},\"inLanguage\":\"en-US\",\"potentialAction\":[{\"@type\":\"ReadAction\",\"target\":[\"https:\/\/www.tauber.com.pl\/en\/kontakt\/\"]}]},{\"@type\":\"BreadcrumbList\",\"@id\":\"https:\/\/www.tauber.com.pl\/en\/kontakt\/#breadcrumb\",\"itemListElement\":[{\"@type\":\"ListItem\",\"position\":1,\"name\":\"Strona g\u0142\u00f3wna\",\"item\":\"https:\/\/www.tauber.com.pl\/en\/\"},{\"@type\":\"ListItem\",\"position\":2,\"name\":\"Contact\"}]},{\"@type\":\"WebSite\",\"@id\":\"https:\/\/www.tauber.com.pl\/en\/#website\",\"url\":\"https:\/\/www.tauber.com.pl\/en\/\",\"name\":\"Tauber Promotion\",\"description\":\"\",\"publisher\":{\"@id\":\"https:\/\/www.tauber.com.pl\/en\/#organization\"},\"potentialAction\":[{\"@type\":\"SearchAction\",\"target\":{\"@type\":\"EntryPoint\",\"urlTemplate\":\"https:\/\/www.tauber.com.pl\/en\/?s={search_term_string}\"},\"query-input\":{\"@type\":\"PropertyValueSpecification\",\"valueRequired\":true,\"valueName\":\"search_term_string\"}}],\"inLanguage\":\"en-US\"},{\"@type\":\"Organization\",\"@id\":\"https:\/\/www.tauber.com.pl\/en\/#organization\",\"name\":\"Tauber Promotion | Agencja PR z 30-letnim do\u015bwiadczeniem\",\"url\":\"https:\/\/www.tauber.com.pl\/en\/\",\"logo\":{\"@type\":\"ImageObject\",\"inLanguage\":\"en-US\",\"@id\":\"https:\/\/www.tauber.com.pl\/en\/#\/schema\/logo\/image\/\",\"url\":\"https:\/\/www.tauber.com.pl\/wp-content\/uploads\/2017\/04\/logo.jpg\",\"contentUrl\":\"https:\/\/www.tauber.com.pl\/wp-content\/uploads\/2017\/04\/logo.jpg\",\"width\":200,\"height\":104,\"caption\":\"Tauber Promotion | Agencja PR z 30-letnim do\u015bwiadczeniem\"},\"image\":{\"@id\":\"https:\/\/www.tauber.com.pl\/en\/#\/schema\/logo\/image\/\"}}]}<\/script>\n<!-- \/ Yoast SEO plugin. -->","yoast_head_json":{"title":"Contact - Tauber Promotion","robots":{"index":"index","follow":"follow","max-snippet":"max-snippet:-1","max-image-preview":"max-image-preview:large","max-video-preview":"max-video-preview:-1"},"canonical":"https:\/\/www.tauber.com.pl\/en\/kontakt\/","og_locale":"en_US","og_type":"article","og_title":"Contact - Tauber Promotion","og_url":"https:\/\/www.tauber.com.pl\/en\/kontakt\/","og_site_name":"Tauber Promotion","article_modified_time":"2022-04-29T11:08:21+00:00","twitter_card":"summary_large_image","schema":{"@context":"https:\/\/schema.org","@graph":[{"@type":"WebPage","@id":"https:\/\/www.tauber.com.pl\/en\/kontakt\/","url":"https:\/\/www.tauber.com.pl\/en\/kontakt\/","name":"Contact - Tauber Promotion","isPartOf":{"@id":"https:\/\/www.tauber.com.pl\/en\/#website"},"datePublished":"2016-08-31T12:17:28+00:00","dateModified":"2022-04-29T11:08:21+00:00","breadcrumb":{"@id":"https:\/\/www.tauber.com.pl\/en\/kontakt\/#breadcrumb"},"inLanguage":"en-US","potentialAction":[{"@type":"ReadAction","target":["https:\/\/www.tauber.com.pl\/en\/kontakt\/"]}]},{"@type":"BreadcrumbList","@id":"https:\/\/www.tauber.com.pl\/en\/kontakt\/#breadcrumb","itemListElement":[{"@type":"ListItem","position":1,"name":"Strona g\u0142\u00f3wna","item":"https:\/\/www.tauber.com.pl\/en\/"},{"@type":"ListItem","position":2,"name":"Contact"}]},{"@type":"WebSite","@id":"https:\/\/www.tauber.com.pl\/en\/#website","url":"https:\/\/www.tauber.com.pl\/en\/","name":"Tauber Promotion","description":"","publisher":{"@id":"https:\/\/www.tauber.com.pl\/en\/#organization"},"potentialAction":[{"@type":"SearchAction","target":{"@type":"EntryPoint","urlTemplate":"https:\/\/www.tauber.com.pl\/en\/?s={search_term_string}"},"query-input":{"@type":"PropertyValueSpecification","valueRequired":true,"valueName":"search_term_string"}}],"inLanguage":"en-US"},{"@type":"Organization","@id":"https:\/\/www.tauber.com.pl\/en\/#organization","name":"Tauber Promotion | Agencja PR z 30-letnim do\u015bwiadczeniem","url":"https:\/\/www.tauber.com.pl\/en\/","logo":{"@type":"ImageObject","inLanguage":"en-US","@id":"https:\/\/www.tauber.com.pl\/en\/#\/schema\/logo\/image\/","url":"https:\/\/www.tauber.com.pl\/wp-content\/uploads\/2017\/04\/logo.jpg","contentUrl":"https:\/\/www.tauber.com.pl\/wp-content\/uploads\/2017\/04\/logo.jpg","width":200,"height":104,"caption":"Tauber Promotion | Agencja PR z 30-letnim do\u015bwiadczeniem"},"image":{"@id":"https:\/\/www.tauber.com.pl\/en\/#\/schema\/logo\/image\/"}}]}},"uagb_featured_image_src":{"full":false,"thumbnail":false,"medium":false,"medium_large":false,"large":false,"1536x1536":false,"2048x2048":false,"mf_thumb_4_3":false,"mf_thumb_16_9":false,"mf_thumb_21_9":false,"mf_thumb_article":false,"mf_thumb_clients":false},"uagb_author_info":{"display_name":"administrator","author_link":"https:\/\/www.tauber.com.pl\/en\/author\/admin\/"},"uagb_comment_info":0,"uagb_excerpt":null,"_links":{"self":[{"href":"https:\/\/www.tauber.com.pl\/en\/wp-json\/wp\/v2\/pages\/11","targetHints":{"allow":["GET"]}}],"collection":[{"href":"https:\/\/www.tauber.com.pl\/en\/wp-json\/wp\/v2\/pages"}],"about":[{"href":"https:\/\/www.tauber.com.pl\/en\/wp-json\/wp\/v2\/types\/page"}],"author":[{"embeddable":true,"href":"https:\/\/www.tauber.com.pl\/en\/wp-json\/wp\/v2\/users\/1"}],"replies":[{"embeddable":true,"href":"https:\/\/www.tauber.com.pl\/en\/wp-json\/wp\/v2\/comments?post=11"}],"version-history":[{"count":11,"href":"https:\/\/www.tauber.com.pl\/en\/wp-json\/wp\/v2\/pages\/11\/revisions"}],"predecessor-version":[{"id":5051,"href":"https:\/\/www.tauber.com.pl\/en\/wp-json\/wp\/v2\/pages\/11\/revisions\/5051"}],"wp:attachment":[{"href":"https:\/\/www.tauber.com.pl\/en\/wp-json\/wp\/v2\/media?parent=11"}],"curies":[{"name":"wp","href":"https:\/\/api.w.org\/{rel}","templated":true}]}}